{"id":128,"date":"2026-04-25T12:19:33","date_gmt":"2026-04-25T10:19:33","guid":{"rendered":"https:\/\/raban.xyz\/?post_type=product&#038;p=128"},"modified":"2026-04-25T12:23:09","modified_gmt":"2026-04-25T10:23:09","slug":"liebe-gruesse","status":"publish","type":"product","link":"https:\/\/raban.xyz\/?product=liebe-gruesse","title":{"rendered":"Liebe Gr\u00fcsse"},"content":{"rendered":"","protected":false},"excerpt":{"rendered":"<p>Blick \u00fcber den T\u00fcbinger Anlagensee Richtung Bahnhof<\/p>\n","protected":false},"featured_media":121,"comment_status":"open","ping_status":"closed","template":"","meta":[],"product_brand":[],"product_cat":[23,24],"product_tag":[28,25,27,26],"class_list":{"0":"post-128","1":"product","2":"type-product","3":"status-publish","4":"has-post-thumbnail","6":"product_cat-postkarte","7":"product_cat-tuebingen","8":"product_tag-lustig","9":"product_tag-postkarte","10":"product_tag-sprueche","11":"product_tag-tuebingen","13":"first","14":"instock","15":"taxable","16":"shipping-taxable","17":"purchasable","18":"product-type-simple"},"jetpack_sharing_enabled":true,"_links":{"self":[{"href":"https:\/\/raban.xyz\/index.php?rest_route=\/wp\/v2\/product\/128","targetHints":{"allow":["GET"]}}],"collection":[{"href":"https:\/\/raban.xyz\/index.php?rest_route=\/wp\/v2\/product"}],"about":[{"href":"https:\/\/raban.xyz\/index.php?rest_route=\/wp\/v2\/types\/product"}],"replies":[{"embeddable":true,"href":"https:\/\/raban.xyz\/index.php?rest_route=%2Fwp%2Fv2%2Fcomments&post=128"}],"wp:featuredmedia":[{"embeddable":true,"href":"https:\/\/raban.xyz\/index.php?rest_route=\/wp\/v2\/media\/121"}],"wp:attachment":[{"href":"https:\/\/raban.xyz\/index.php?rest_route=%2Fwp%2Fv2%2Fmedia&parent=128"}],"wp:term":[{"taxonomy":"product_brand","embeddable":true,"href":"https:\/\/raban.xyz\/index.php?rest_route=%2Fwp%2Fv2%2Fproduct_brand&post=128"},{"taxonomy":"product_cat","embeddable":true,"href":"https:\/\/raban.xyz\/index.php?rest_route=%2Fwp%2Fv2%2Fproduct_cat&post=128"},{"taxonomy":"product_tag","embeddable":true,"href":"https:\/\/raban.xyz\/index.php?rest_route=%2Fwp%2Fv2%2Fproduct_tag&post=128"}],"curies":[{"name":"wp","href":"https:\/\/api.w.org\/{rel}","templated":true}]}}